{"id":5904,"date":"2023-07-10T12:51:19","date_gmt":"2023-07-10T12:51:19","guid":{"rendered":"http:\/\/gnera.es\/legal-notice\/"},"modified":"2024-01-15T08:42:37","modified_gmt":"2024-01-15T08:42:37","slug":"legal-notice","status":"publish","type":"page","link":"https:\/\/www.gnera.es\/en\/legal-notice\/","title":{"rendered":"Legal Notice"},"content":{"rendered":"<p>[et_pb_section fb_built=&#8221;1&#8243; _builder_version=&#8221;4.15.1&#8243; _module_preset=&#8221;default&#8221; background_color=&#8221;#474747&#8243; height=&#8221;100px&#8221; max_height=&#8221;100px&#8221; custom_padding=&#8221;30px||5px|||&#8221; da_disable_devices=&#8221;off|off|off&#8221; locked=&#8221;off&#8221; global_colors_info=&#8221;{}&#8221; da_is_popup=&#8221;off&#8221; da_exit_intent=&#8221;off&#8221; da_has_close=&#8221;on&#8221; da_alt_close=&#8221;off&#8221; da_dark_close=&#8221;off&#8221; da_not_modal=&#8221;on&#8221; da_is_singular=&#8221;off&#8221; da_with_loader=&#8221;off&#8221; da_has_shadow=&#8221;on&#8221;][\/et_pb_section][et_pb_section fb_built=&#8221;1&#8243; admin_label=&#8221;Header Section&#8221; _builder_version=&#8221;4.15.1&#8243; background_enable_image=&#8221;off&#8221; background_position=&#8221;top_center&#8221; min_height=&#8221;487px&#8221; custom_margin=&#8221;||||false|false&#8221; custom_padding=&#8221;100px||98px||false|false&#8221; da_disable_devices=&#8221;off|off|off&#8221; global_colors_info=&#8221;{}&#8221; da_is_popup=&#8221;off&#8221; da_exit_intent=&#8221;off&#8221; da_has_close=&#8221;on&#8221; da_alt_close=&#8221;off&#8221; da_dark_close=&#8221;off&#8221; da_not_modal=&#8221;on&#8221; da_is_singular=&#8221;off&#8221; da_with_loader=&#8221;off&#8221; da_has_shadow=&#8221;on&#8221;][et_pb_row admin_label=&#8221;Intro Row&#8221; _builder_version=&#8221;4.15&#8243; custom_padding=&#8221;||20px|||&#8221; global_colors_info=&#8221;{}&#8221;][et_pb_column type=&#8221;4_4&#8243; _builder_version=&#8221;4.15&#8243; custom_padding=&#8221;|||&#8221; global_colors_info=&#8221;{}&#8221; custom_padding__hover=&#8221;|||&#8221;][et_pb_text admin_label=&#8221;Title &#038; Paragraph&#8221; _builder_version=&#8221;4.15.1&#8243; text_font=&#8221;||||||||&#8221; text_text_color=&#8221;#FFFFFF&#8221; text_font_size=&#8221;18px&#8221; text_line_height=&#8221;1.8em&#8221; header_font=&#8221;|300|||||||&#8221; header_text_align=&#8221;left&#8221; header_text_color=&#8221;#000000&#8243; header_font_size=&#8221;60px&#8221; header_2_font=&#8221;|700|||||||&#8221; header_2_text_align=&#8221;center&#8221; header_2_text_color=&#8221;#FFFFFF&#8221; header_2_font_size=&#8221;50px&#8221; header_2_line_height=&#8221;1.4em&#8221; text_orientation=&#8221;center&#8221; max_width_last_edited=&#8221;off|desktop&#8221; module_alignment=&#8221;center&#8221; custom_margin=&#8221;|||&#8221; custom_padding=&#8221;|||&#8221; custom_padding_last_edited=&#8221;off|desktop&#8221; header_2_font_size_tablet=&#8221;&#8221; header_2_font_size_phone=&#8221;40px&#8221; header_2_font_size_last_edited=&#8221;on|phone&#8221; global_colors_info=&#8221;{}&#8221;]<\/p>\n<h1>Legal Notice<\/h1>\n<p>[\/et_pb_text][\/et_pb_column][\/et_pb_row][et_pb_row _builder_version=&#8221;4.15.1&#8243; _module_preset=&#8221;default&#8221; custom_margin=&#8221;|auto|4px|auto||&#8221; global_colors_info=&#8221;{}&#8221;][et_pb_column type=&#8221;4_4&#8243; _builder_version=&#8221;4.15.1&#8243; _module_preset=&#8221;default&#8221; global_colors_info=&#8221;{}&#8221;][et_pb_text admin_label=&#8221;Title&#8221; _builder_version=&#8221;4.15.1&#8243; text_font=&#8221;||||||||&#8221; text_text_color=&#8221;#000000&#8243; text_font_size=&#8221;18px&#8221; text_line_height=&#8221;1.8em&#8221; header_font=&#8221;||||||||&#8221; header_2_font=&#8221;|700|||||||&#8221; header_2_text_color=&#8221;#000000&#8243; header_2_font_size=&#8221;50px&#8221; header_2_line_height=&#8221;1.4em&#8221; header_3_font=&#8221;Poppins|700|||||||&#8221; header_3_text_color=&#8221;#000000&#8243; header_3_font_size=&#8221;40px&#8221; background_layout=&#8221;dark&#8221; max_width_tablet=&#8221;&#8221; max_width_phone=&#8221;100%&#8221; max_width_last_edited=&#8221;on|tablet&#8221; module_alignment=&#8221;right&#8221; custom_margin=&#8221;||||false|false&#8221; custom_padding=&#8221;|||0px|false|false&#8221; custom_padding_last_edited=&#8221;off|desktop&#8221; header_font_size_tablet=&#8221;&#8221; header_font_size_phone=&#8221;&#8221; header_font_size_last_edited=&#8221;on|desktop&#8221; header_2_font_size_tablet=&#8221;&#8221; header_2_font_size_phone=&#8221;40px&#8221; header_2_font_size_last_edited=&#8221;on|phone&#8221; locked=&#8221;off&#8221; global_colors_info=&#8221;{}&#8221;]<\/p>\n<p>The owner of this website is GNERA ENERG\u00cdA Y TECNOLOG\u00cdA, S.L, with C.I.F. B-84196997 and registered office at Serrano Galvache, 56, Edif Abedul, Planta 7, 28033, Madrid, and registered office for notification purposes at the same address; registered in the Mercantile Register of Madrid, Volume 22.322, Book 0, Folio 145, Section 8, Page M-398538.<\/p>\n<p>Access to and use of the GNERA ENERG\u00cdA Y TECNOLOG\u00cdA, S.L. website is free of charge and requires the acceptance of the General Conditions of Use, as well as, where applicable and with respect to the particular services in which they are established, the acceptance of their respective Particular Conditions. This legal information is completed with the Privacy and Personal Data Protection Policy of GNERA ENERG\u00cdA Y TECNOLOG\u00cdA, S.L.<\/p>\n<p>For any queries or contact with the company, users may contact GNERA ENERG\u00cdA Y TECNOLOG\u00cdA, S.L. at the following telephone number <a href=\"+3420913%20569%20362\" target=\"_blank\" rel=\"noopener\">+34 913 569 362<\/a> and postal address Serrano Galvache, 56, Edif. Abedul, 7th Floor, 28033, Madrid or contact email <a href=\"mailto:info@gnera.es\" target=\"_blank\" rel=\"noopener\">info@gnera.es<\/a>.<\/p>\n<p>[\/et_pb_text][\/et_pb_column][\/et_pb_row][\/et_pb_section]<\/p>\n","protected":false},"excerpt":{"rendered":"<p>Legal NoticeThe owner of this website is GNERA ENERG\u00cdA Y TECNOLOG\u00cdA, S.L, with C.I.F. B-84196997 and registered office at Serrano Galvache, 56, Edif Abedul, Planta 7, 28033, Madrid, and registered office for notification purposes at the same address; registered in the Mercantile Register of Madrid, Volume 22.322, Book 0, Folio 145, Section 8, Page M-398538. [&hellip;]<\/p>\n","protected":false},"author":3,"featured_media":0,"parent":0,"menu_order":0,"comment_status":"closed","ping_status":"closed","template":"","meta":{"_et_pb_use_builder":"on","_et_pb_old_content":"","_et_gb_content_width":"","footnotes":""},"yoast_head":"<!-- This site is optimized with the Yoast SEO plugin v22.5 - https:\/\/yoast.com\/wordpress\/plugins\/seo\/ -->\r\n<title>Legal Notice - Gnera Energ\u00eda y Tecnolog\u00eda<\/title>\r\n<meta name=\"robots\" content=\"noindex, nofollow\" \/>\r\n<meta property=\"og:locale\" content=\"en_US\" \/>\r\n<meta property=\"og:type\" content=\"article\" \/>\r\n<meta property=\"og:title\" content=\"Legal Notice - Gnera Energ\u00eda y Tecnolog\u00eda\" \/>\r\n<meta property=\"og:description\" content=\"Legal NoticeThe owner of this website is GNERA ENERG\u00cdA Y TECNOLOG\u00cdA, S.L, with C.I.F. B-84196997 and registered office at Serrano Galvache, 56, Edif Abedul, Planta 7, 28033, Madrid, and registered office for notification purposes at the same address; registered in the Mercantile Register of Madrid, Volume 22.322, Book 0, Folio 145, Section 8, Page M-398538. [&hellip;]\" \/>\r\n<meta property=\"og:url\" content=\"https:\/\/www.gnera.es\/en\/legal-notice\/\" \/>\r\n<meta property=\"og:site_name\" content=\"Gnera Energ\u00eda y Tecnolog\u00eda\" \/>\r\n<meta property=\"article:modified_time\" content=\"2024-01-15T08:42:37+00:00\" \/>\r\n<meta name=\"twitter:card\" content=\"summary_large_image\" \/>\r\n<meta name=\"twitter:label1\" content=\"Est. reading time\" \/>\n\t<meta name=\"twitter:data1\" content=\"2 minutes\" \/>\r\n<script type=\"application\/ld+json\" class=\"yoast-schema-graph\">{\"@context\":\"https:\/\/schema.org\",\"@graph\":[{\"@type\":\"WebPage\",\"@id\":\"https:\/\/www.gnera.es\/en\/legal-notice\/\",\"url\":\"https:\/\/www.gnera.es\/en\/legal-notice\/\",\"name\":\"Legal Notice - Gnera Energ\u00eda y Tecnolog\u00eda\",\"isPartOf\":{\"@id\":\"https:\/\/www.gnera.es\/en\/#website\"},\"datePublished\":\"2023-07-10T12:51:19+00:00\",\"dateModified\":\"2024-01-15T08:42:37+00:00\",\"breadcrumb\":{\"@id\":\"https:\/\/www.gnera.es\/en\/legal-notice\/#breadcrumb\"},\"inLanguage\":\"en-US\",\"potentialAction\":[{\"@type\":\"ReadAction\",\"target\":[\"https:\/\/www.gnera.es\/en\/legal-notice\/\"]}]},{\"@type\":\"BreadcrumbList\",\"@id\":\"https:\/\/www.gnera.es\/en\/legal-notice\/#breadcrumb\",\"itemListElement\":[{\"@type\":\"ListItem\",\"position\":1,\"name\":\"Portada\",\"item\":\"https:\/\/www.gnera.es\/en\/\"},{\"@type\":\"ListItem\",\"position\":2,\"name\":\"Legal Notice\"}]},{\"@type\":\"WebSite\",\"@id\":\"https:\/\/www.gnera.es\/en\/#website\",\"url\":\"https:\/\/www.gnera.es\/en\/\",\"name\":\"Gnera Energ\u00eda y Tecnolog\u00eda\",\"description\":\"Representaci\u00f3n de productores de energ\u00eda renovable en el Mercado El\u00e9ctrico\",\"potentialAction\":[{\"@type\":\"SearchAction\",\"target\":{\"@type\":\"EntryPoint\",\"urlTemplate\":\"https:\/\/www.gnera.es\/en\/?s={search_term_string}\"},\"query-input\":\"required name=search_term_string\"}],\"inLanguage\":\"en-US\"}]}<\/script>\r\n<!-- \/ Yoast SEO plugin. -->","yoast_head_json":{"title":"Legal Notice - Gnera Energ\u00eda y Tecnolog\u00eda","robots":{"index":"noindex","follow":"nofollow"},"og_locale":"en_US","og_type":"article","og_title":"Legal Notice - Gnera Energ\u00eda y Tecnolog\u00eda","og_description":"Legal NoticeThe owner of this website is GNERA ENERG\u00cdA Y TECNOLOG\u00cdA, S.L, with C.I.F. B-84196997 and registered office at Serrano Galvache, 56, Edif Abedul, Planta 7, 28033, Madrid, and registered office for notification purposes at the same address; registered in the Mercantile Register of Madrid, Volume 22.322, Book 0, Folio 145, Section 8, Page M-398538. [&hellip;]","og_url":"https:\/\/www.gnera.es\/en\/legal-notice\/","og_site_name":"Gnera Energ\u00eda y Tecnolog\u00eda","article_modified_time":"2024-01-15T08:42:37+00:00","twitter_card":"summary_large_image","twitter_misc":{"Est. reading time":"2 minutes"},"schema":{"@context":"https:\/\/schema.org","@graph":[{"@type":"WebPage","@id":"https:\/\/www.gnera.es\/en\/legal-notice\/","url":"https:\/\/www.gnera.es\/en\/legal-notice\/","name":"Legal Notice - Gnera Energ\u00eda y Tecnolog\u00eda","isPartOf":{"@id":"https:\/\/www.gnera.es\/en\/#website"},"datePublished":"2023-07-10T12:51:19+00:00","dateModified":"2024-01-15T08:42:37+00:00","breadcrumb":{"@id":"https:\/\/www.gnera.es\/en\/legal-notice\/#breadcrumb"},"inLanguage":"en-US","potentialAction":[{"@type":"ReadAction","target":["https:\/\/www.gnera.es\/en\/legal-notice\/"]}]},{"@type":"BreadcrumbList","@id":"https:\/\/www.gnera.es\/en\/legal-notice\/#breadcrumb","itemListElement":[{"@type":"ListItem","position":1,"name":"Portada","item":"https:\/\/www.gnera.es\/en\/"},{"@type":"ListItem","position":2,"name":"Legal Notice"}]},{"@type":"WebSite","@id":"https:\/\/www.gnera.es\/en\/#website","url":"https:\/\/www.gnera.es\/en\/","name":"Gnera Energ\u00eda y Tecnolog\u00eda","description":"Representaci\u00f3n de productores de energ\u00eda renovable en el Mercado El\u00e9ctrico","potentialAction":[{"@type":"SearchAction","target":{"@type":"EntryPoint","urlTemplate":"https:\/\/www.gnera.es\/en\/?s={search_term_string}"},"query-input":"required name=search_term_string"}],"inLanguage":"en-US"}]}},"_links":{"self":[{"href":"https:\/\/www.gnera.es\/en\/wp-json\/wp\/v2\/pages\/5904"}],"collection":[{"href":"https:\/\/www.gnera.es\/en\/wp-json\/wp\/v2\/pages"}],"about":[{"href":"https:\/\/www.gnera.es\/en\/wp-json\/wp\/v2\/types\/page"}],"author":[{"embeddable":true,"href":"https:\/\/www.gnera.es\/en\/wp-json\/wp\/v2\/users\/3"}],"replies":[{"embeddable":true,"href":"https:\/\/www.gnera.es\/en\/wp-json\/wp\/v2\/comments?post=5904"}],"version-history":[{"count":2,"href":"https:\/\/www.gnera.es\/en\/wp-json\/wp\/v2\/pages\/5904\/revisions"}],"predecessor-version":[{"id":6168,"href":"https:\/\/www.gnera.es\/en\/wp-json\/wp\/v2\/pages\/5904\/revisions\/6168"}],"wp:attachment":[{"href":"https:\/\/www.gnera.es\/en\/wp-json\/wp\/v2\/media?parent=5904"}],"curies":[{"name":"wp","href":"https:\/\/api.w.org\/{rel}","templated":true}]}}